{"id":43,"date":"2021-06-16T13:51:36","date_gmt":"2021-06-16T11:51:36","guid":{"rendered":"http:\/\/mawex.opti-net.pl\/?page_id=43"},"modified":"2021-06-16T15:03:07","modified_gmt":"2021-06-16T13:03:07","slug":"charakterystyka-obiektu","status":"publish","type":"page","link":"http:\/\/mawex.pl\/index.php\/charakterystyka-obiektu\/","title":{"rendered":"CHARAKTERYSTYKA OBIEKTU"},"content":{"rendered":"<div id=\"pl-43\"  class=\"panel-layout\" ><div id=\"pg-43-0\"  class=\"panel-grid panel-no-style\" ><div id=\"pgc-43-0-0\"  class=\"panel-grid-cell\" ><div id=\"panel-43-0-0-0\" class=\"so-panel widget widget_sow-editor panel-first-child panel-last-child\" data-index=\"0\" ><div\n\t\t\t\n\t\t\tclass=\"so-widget-sow-editor so-widget-sow-editor-base\"\n\t\t\t\n\t\t>\n<div class=\"siteorigin-widget-tinymce textwidget\">\n\t<div class=\"ju-post-inner\">\n<div class=\"ju-postcontent\">\n<div class=\"ju-article\">\n<p>Obiekt \"B\u0142\u0119kitna Wst\u0119ga\" wykonany jest zgodnie z najwy\u017cszymi standardami,w pe\u0142ni klimatyzowany.Fasada budynku wykonana jest ze szk\u0142a zespolonego niskoemisyjnego w stolarce aluminiowej oraz z kamiennych p\u0142yt w jasnym kolorze.<\/p>\n<p>Drzwi automatycznie rozsuwane firmy Bessam.Po zmroku obiekt ca\u0142y jest ciekawie o\u015bwietlony. Przy budynku s\u0105 parkingi na 90 miejsc dla Klient\u00f3w.<\/p>\n<p>W zwi\u0105zku z du\u017cym zapotrzebowaniem na wynajem powierzchni pod tego typu dzia\u0142alno\u015b\u0107 ,Sp\u00f3\u0142ka planuje realizacj\u0119 nast\u0119pnego obiektu w klasie \"A-plus\",z powierzchni\u0105 2000m2.B\u0119dzie on po\u0142\u0105czony z obecnie istniej\u0105cym budynkiem.<\/p>\n<p>Nasi obecni d\u0142ugoletni Najemcy to m.in.: <strong>Allianz, T.U HDI<\/strong>, <strong>InterRisk, Metlife, Future Processing, Open Finance, Getin Leasing,Tax Care<\/strong><strong>, Provident,<\/strong><strong> Agencja Rynku Rolnego, Wa\u0142brzyska Specialna Strefa Ekonomiczna \"INVEST-PARK\"<\/strong><strong>, Rust, Meble Nolte, Selene i inne<\/strong><\/p>\n<\/div>\n<\/div>\n<div class=\"cleared\"><\/div>\n<\/div>\n<\/div>\n<\/div><\/div><\/div><\/div><div id=\"pg-43-1\"  class=\"panel-grid panel-no-style\" ><div id=\"pgc-43-1-0\"  class=\"panel-grid-cell\" ><div id=\"panel-43-1-0-0\" class=\"so-panel widget widget_sow-editor panel-first-child panel-last-child\" data-index=\"1\" ><div\n\t\t\t\n\t\t\tclass=\"so-widget-sow-editor so-widget-sow-editor-base\"\n\t\t\t\n\t\t>\n<div class=\"siteorigin-widget-tinymce textwidget\">\n\t<div class='white' style='background:#fafafa; border:solid 1px #f0f0f0; border-radius:1px; padding:1px 1px 1px 1px;'>\n<div id='sample_slider' class='owl-carousel sa_owl_theme ' data-slider-id='sample_slider' style='visibility:hidden;'>\n<div id='sample_slider_slide13' class='sa_hover_container sa_vert_center_wrap' style='padding:1% 1%; margin:0px 0%; '><div class='sa_vert_center'><p><img loading=\"lazy\" decoding=\"async\" class=\"alignnone size-full wp-image-100\" src=\"http:\/\/mawex.pl\/wp-content\/uploads\/2021\/06\/l12.png\" alt=\"\" width=\"200\" height=\"70\" \/><\/p><\/div><\/div>\n<div id='sample_slider_slide14' class='sa_hover_container sa_vert_center_wrap' style='padding:1% 1%; margin:0px 0%; '><div class='sa_vert_center'><p><img loading=\"lazy\" decoding=\"async\" class=\"alignnone size-full wp-image-103\" src=\"http:\/\/mawex.pl\/wp-content\/uploads\/2021\/06\/l15.png\" alt=\"\" width=\"200\" height=\"70\" \/><\/p><\/div><\/div>\n<div id='sample_slider_slide15' class='sa_hover_container sa_vert_center_wrap' style='padding:1% 1%; margin:0px 0%; '><div class='sa_vert_center'><p><img loading=\"lazy\" decoding=\"async\" class=\"alignnone size-full wp-image-102\" src=\"http:\/\/mawex.pl\/wp-content\/uploads\/2021\/06\/l14.png\" alt=\"\" width=\"200\" height=\"70\" \/><\/p><\/div><\/div>\n<div id='sample_slider_slide08' class='sa_hover_container sa_vert_center_wrap' style='padding:1% 1%; margin:0px 0%; background-color:rgba(0, 0, 0, 0); '><div class='sa_vert_center'><p><img loading=\"lazy\" decoding=\"async\" class=\"alignnone size-full wp-image-97\" src=\"http:\/\/mawex.pl\/wp-content\/uploads\/2021\/06\/l9.png\" alt=\"\" width=\"200\" height=\"70\" \/><\/p><\/div><\/div>\n<div id='sample_slider_slide11' class='sa_hover_container sa_vert_center_wrap' style='padding:1% 1%; margin:0px 0%; '><div class='sa_vert_center'><p><img loading=\"lazy\" decoding=\"async\" class=\"alignnone size-full wp-image-98\" src=\"http:\/\/mawex.pl\/wp-content\/uploads\/2021\/06\/l10.png\" alt=\"\" width=\"200\" height=\"70\" \/><\/p><\/div><\/div>\n<div id='sample_slider_slide10' class='sa_hover_container sa_vert_center_wrap' style='padding:1% 1%; margin:0px 0%; '><div class='sa_vert_center'><p><img loading=\"lazy\" decoding=\"async\" class=\"alignnone size-full wp-image-99\" src=\"http:\/\/mawex.pl\/wp-content\/uploads\/2021\/06\/l11.png\" alt=\"\" width=\"200\" height=\"70\" \/><\/p><\/div><\/div>\n<div id='sample_slider_slide07' class='sa_hover_container sa_vert_center_wrap' style='padding:1% 1%; margin:0px 0%; background-color:rgba(0, 0, 0, 0); '><div class='sa_vert_center'><p><img loading=\"lazy\" decoding=\"async\" class=\"alignnone size-full wp-image-95\" src=\"http:\/\/mawex.pl\/wp-content\/uploads\/2021\/06\/l7.png\" alt=\"\" width=\"200\" height=\"70\" \/><\/p><\/div><\/div>\n<div id='sample_slider_slide02' class='sa_hover_container sa_vert_center_wrap' style='padding:1% 1%; margin:0px 0%; background-color:rgba(0, 0, 0, 0); '><div class='sa_vert_center'><p><img loading=\"lazy\" decoding=\"async\" class=\"alignnone size-full wp-image-91\" src=\"http:\/\/mawex.pl\/wp-content\/uploads\/2021\/06\/l3.png\" alt=\"\" width=\"200\" height=\"70\" \/><\/p><\/div><\/div>\n<div id='sample_slider_slide09' class='sa_hover_container sa_vert_center_wrap' style='padding:1% 1%; margin:0px 0%; '><div class='sa_vert_center'><p><img loading=\"lazy\" decoding=\"async\" class=\"alignnone size-full wp-image-96\" src=\"http:\/\/mawex.pl\/wp-content\/uploads\/2021\/06\/l8.png\" alt=\"\" width=\"200\" height=\"70\" \/><\/p><\/div><\/div>\n<div id='sample_slider_slide06' class='sa_hover_container sa_vert_center_wrap' style='padding:1% 1%; margin:0px 0%; background-color:rgba(0, 0, 0, 0); '><div class='sa_vert_center'><p><img loading=\"lazy\" decoding=\"async\" class=\"alignnone size-full wp-image-94\" src=\"http:\/\/mawex.pl\/wp-content\/uploads\/2021\/06\/l6.png\" alt=\"\" width=\"200\" height=\"70\" \/><\/p><\/div><\/div>\n<div id='sample_slider_slide05' class='sa_hover_container sa_vert_center_wrap' style='padding:1% 1%; margin:0px 0%; background-color:rgba(0, 0, 0, 0); '><div class='sa_vert_center'><p><img loading=\"lazy\" decoding=\"async\" class=\"alignnone size-full wp-image-92\" src=\"http:\/\/mawex.pl\/wp-content\/uploads\/2021\/06\/l4.png\" alt=\"\" width=\"200\" height=\"70\" \/><\/p><\/div><\/div>\n<div id='sample_slider_slide01' class='sa_hover_container sa_vert_center_wrap' style='padding:1% 1%; margin:0px 0%; background-color:rgba(0, 0, 0, 0); '><div class='sa_vert_center'><p><img loading=\"lazy\" decoding=\"async\" class=\"alignnone size-full wp-image-89\" src=\"http:\/\/mawex.pl\/wp-content\/uploads\/2021\/06\/l1.png\" alt=\"\" width=\"200\" height=\"70\" \/><\/p><\/div><\/div>\n<div id='sample_slider_slide03' class='sa_hover_container sa_vert_center_wrap' style='padding:1% 1%; margin:0px 0%; background-color:rgba(0, 0, 0, 0); '><div class='sa_vert_center'><p><img loading=\"lazy\" decoding=\"async\" class=\"alignnone size-full wp-image-90\" src=\"http:\/\/mawex.pl\/wp-content\/uploads\/2021\/06\/l2.png\" alt=\"\" width=\"200\" height=\"70\" \/><\/p><\/div><\/div>\n<div id='sample_slider_slide04' class='sa_hover_container sa_vert_center_wrap' style='padding:1% 1%; margin:0px 0%; background-color:rgba(0, 0, 0, 0); '><div class='sa_vert_center'><p><img loading=\"lazy\" decoding=\"async\" class=\"alignnone size-full wp-image-93\" src=\"http:\/\/mawex.pl\/wp-content\/uploads\/2021\/06\/l5.png\" alt=\"\" width=\"200\" height=\"70\" \/><\/p><\/div><\/div>\n<div id='sample_slider_slide12' class='sa_hover_container sa_vert_center_wrap' style='padding:1% 1%; margin:0px 0%; '><div class='sa_vert_center'><p><img loading=\"lazy\" decoding=\"async\" class=\"alignnone size-full wp-image-101\" src=\"http:\/\/mawex.pl\/wp-content\/uploads\/2021\/06\/l13.png\" alt=\"\" width=\"200\" height=\"70\" \/><\/p><\/div><\/div>\n<\/div>\n<\/div>\n<script type='text\/javascript'>\n\tjQuery(document).ready(function() {\n\t\tjQuery('#sample_slider').owlCarousel({\n\t\t\tresponsive:{\n\t\t\t\t0:{ items:1 },\n\t\t\t\t480:{ items:2 },\n\t\t\t\t768:{ items:3 },\n\t\t\t\t980:{ items:4 },\n\t\t\t\t1200:{ items:4 },\n\t\t\t\t1500:{ items:4 }\n\t\t\t},\n\t\t\tautoplay : true,\n\t\t\tautoplayTimeout : 500,\n\t\t\tautoplayHoverPause : true,\n\t\t\tsmartSpeed : 200,\n\t\t\tfluidSpeed : 200,\n\t\t\tautoplaySpeed : 200,\n\t\t\tnavSpeed : 200,\n\t\t\tdotsSpeed : 200,\n\t\t\tloop : true,\n\t\t\tnav : false,\n\t\t\tnavText : ['Previous','Next'],\n\t\t\tdots : false,\n\t\t\tresponsiveRefreshRate : 200,\n\t\t\tslideBy : 1,\n\t\t\tmergeFit : true,\n\t\t\tautoHeight : false,\n\t\t\tmouseDrag : false,\n\t\t\ttouchDrag : true\n\t\t});\n\t\tjQuery('#sample_slider').css('visibility', 'visible');\n\t\tsa_resize_sample_slider();\n\t\twindow.addEventListener('resize', sa_resize_sample_slider);\n\t\tfunction sa_resize_sample_slider() {\n\t\t\tvar min_height = '50';\n\t\t\tvar win_width = jQuery(window).width();\n\t\t\tvar slider_width = jQuery('#sample_slider').width();\n\t\t\tif (win_width < 480) {\n\t\t\t\tvar slide_width = slider_width \/ 1;\n\t\t\t} else if (win_width < 768) {\n\t\t\t\tvar slide_width = slider_width \/ 2;\n\t\t\t} else if (win_width < 980) {\n\t\t\t\tvar slide_width = slider_width \/ 3;\n\t\t\t} else if (win_width < 1200) {\n\t\t\t\tvar slide_width = slider_width \/ 4;\n\t\t\t} else if (win_width < 1500) {\n\t\t\t\tvar slide_width = slider_width \/ 4;\n\t\t\t} else {\n\t\t\t\tvar slide_width = slider_width \/ 4;\n\t\t\t}\n\t\t\tslide_width = Math.round(slide_width);\n\t\t\tvar slide_height = '0';\n\t\t\tif (min_height == 'aspect43') {\n\t\t\t\tslide_height = (slide_width \/ 4) * 3;\t\t\t\tslide_height = Math.round(slide_height);\n\t\t\t} else if (min_height == 'aspect169') {\n\t\t\t\tslide_height = (slide_width \/ 16) * 9;\t\t\t\tslide_height = Math.round(slide_height);\n\t\t\t} else {\n\t\t\t\tslide_height = (slide_width \/ 100) * min_height;\t\t\t\tslide_height = Math.round(slide_height);\n\t\t\t}\n\t\t\tjQuery('#sample_slider .owl-item .sa_hover_container').css('min-height', slide_height+'px');\n\t\t}\n\t\tvar owl_goto = jQuery('#sample_slider');\n\t\tjQuery('.sample_slider_goto1').click(function(event){\n\t\t\towl_goto.trigger('to.owl.carousel', 0);\n\t\t});\n\t\tjQuery('.sample_slider_goto2').click(function(event){\n\t\t\towl_goto.trigger('to.owl.carousel', 1);\n\t\t});\n\t\tjQuery('.sample_slider_goto3').click(function(event){\n\t\t\towl_goto.trigger('to.owl.carousel', 2);\n\t\t});\n\t\tjQuery('.sample_slider_goto4').click(function(event){\n\t\t\towl_goto.trigger('to.owl.carousel', 3);\n\t\t});\n\t\tjQuery('.sample_slider_goto5').click(function(event){\n\t\t\towl_goto.trigger('to.owl.carousel', 4);\n\t\t});\n\t\tjQuery('.sample_slider_goto6').click(function(event){\n\t\t\towl_goto.trigger('to.owl.carousel', 5);\n\t\t});\n\t\tjQuery('.sample_slider_goto7').click(function(event){\n\t\t\towl_goto.trigger('to.owl.carousel', 6);\n\t\t});\n\t\tjQuery('.sample_slider_goto8').click(function(event){\n\t\t\towl_goto.trigger('to.owl.carousel', 7);\n\t\t});\n\t\tjQuery('.sample_slider_goto9').click(function(event){\n\t\t\towl_goto.trigger('to.owl.carousel', 8);\n\t\t});\n\t\tjQuery('.sample_slider_goto10').click(function(event){\n\t\t\towl_goto.trigger('to.owl.carousel', 9);\n\t\t});\n\t\tjQuery('.sample_slider_goto11').click(function(event){\n\t\t\towl_goto.trigger('to.owl.carousel', 10);\n\t\t});\n\t\tjQuery('.sample_slider_goto12').click(function(event){\n\t\t\towl_goto.trigger('to.owl.carousel', 11);\n\t\t});\n\t\tjQuery('.sample_slider_goto13').click(function(event){\n\t\t\towl_goto.trigger('to.owl.carousel', 12);\n\t\t});\n\t\tjQuery('.sample_slider_goto14').click(function(event){\n\t\t\towl_goto.trigger('to.owl.carousel', 13);\n\t\t});\n\t\tjQuery('.sample_slider_goto15').click(function(event){\n\t\t\towl_goto.trigger('to.owl.carousel', 14);\n\t\t});\n\t\tvar resize_109 = jQuery('.owl-carousel');\n\t\tresize_109.on('initialized.owl.carousel', function(e) {\n\t\t\tif (typeof(Event) === 'function') {\n\t\t\t\twindow.dispatchEvent(new Event('resize'));\n\t\t\t} else {\n\t\t\t\tvar evt = window.document.createEvent('UIEvents');\n\t\t\t\tevt.initUIEvent('resize', true, false, window, 0);\n\t\t\t\twindow.dispatchEvent(evt);\n\t\t\t}\n\t\t});\n\t});\n<\/script>\n\n<\/div>\n<\/div><\/div><\/div><\/div><\/div>","protected":false},"excerpt":{"rendered":"<p>Obiekt &#8222;B\u0142\u0119kitna Wst\u0119ga&#8221; wykonany jest zgodnie z najwy\u017cszymi standardami,w pe\u0142ni klimatyzowany.Fasada budynku wykonana jest ze szk\u0142a zespolonego niskoemisyjnego w stolarce aluminiowej oraz z kamiennych p\u0142yt w jasnym kolorze. Drzwi automatycznie rozsuwane firmy Bessam.Po zmroku obiekt ca\u0142y jest ciekawie o\u015bwietlony. Przy budynku s\u0105 parkingi na 90 miejsc dla Klient\u00f3w. W zwi\u0105zku z du\u017cym zapotrzebowaniem na wynajem [&hellip;]<\/p>\n","protected":false},"author":1,"featured_media":0,"parent":0,"menu_order":0,"comment_status":"closed","ping_status":"closed","template":"","meta":{"footnotes":""},"class_list":["post-43","page","type-page","status-publish","hentry","post"],"_links":{"self":[{"href":"http:\/\/mawex.pl\/index.php\/wp-json\/wp\/v2\/pages\/43","targetHints":{"allow":["GET"]}}],"collection":[{"href":"http:\/\/mawex.pl\/index.php\/wp-json\/wp\/v2\/pages"}],"about":[{"href":"http:\/\/mawex.pl\/index.php\/wp-json\/wp\/v2\/types\/page"}],"author":[{"embeddable":true,"href":"http:\/\/mawex.pl\/index.php\/wp-json\/wp\/v2\/users\/1"}],"replies":[{"embeddable":true,"href":"http:\/\/mawex.pl\/index.php\/wp-json\/wp\/v2\/comments?post=43"}],"version-history":[{"count":3,"href":"http:\/\/mawex.pl\/index.php\/wp-json\/wp\/v2\/pages\/43\/revisions"}],"predecessor-version":[{"id":119,"href":"http:\/\/mawex.pl\/index.php\/wp-json\/wp\/v2\/pages\/43\/revisions\/119"}],"wp:attachment":[{"href":"http:\/\/mawex.pl\/index.php\/wp-json\/wp\/v2\/media?parent=43"}],"curies":[{"name":"wp","href":"https:\/\/api.w.org\/{rel}","templated":true}]}}